{"id":3974,"date":"2022-06-14T12:44:40","date_gmt":"2022-06-14T10:44:40","guid":{"rendered":"https:\/\/globusmedulin.com\/?page_id=3974"},"modified":"2025-07-26T19:12:18","modified_gmt":"2025-07-26T17:12:18","slug":"about-globus-quad-safari-medulin","status":"publish","type":"page","link":"https:\/\/www.globusmedulin.com\/de\/about-globus-quad-safari-medulin\/","title":{"rendered":"\u00dcber uns"},"content":{"rendered":"<div data-elementor-type=\"wp-page\" data-elementor-id=\"3974\" class=\"elementor elementor-3974\">\n\t\t\t\t\t\t<section class=\"elementor-section elementor-top-section elementor-element elementor-element-0014aba elementor-section-content-middle elementor-section-boxed elementor-section-height-default elementor-section-height-default\" data-id=\"0014aba\" data-element_type=\"section\" data-e-type=\"section\" data-settings=\"{&quot;background_background&quot;:&quot;classic&quot;}\">\n\t\t\t\t\t\t\t<div class=\"elementor-background-overlay\"><\/div>\n\t\t\t\t\t\t\t<div class=\"elementor-container elementor-column-gap-no\">\n\t\t\t\t\t<div class=\"elementor-column elementor-col-100 elementor-top-column elementor-element elementor-element-45fbb4c\" data-id=\"45fbb4c\" data-element_type=\"column\" data-e-type=\"column\">\n\t\t\t<div class=\"elementor-widget-wrap elementor-element-populated\">\n\t\t\t\t\t\t<div class=\"elementor-element elementor-element-d7b21d2 elementor-widget elementor-widget-heading\" data-id=\"d7b21d2\" data-element_type=\"widget\" data-e-type=\"widget\" data-widget_type=\"heading.default\">\n\t\t\t\t<div class=\"elementor-widget-container\">\n\t\t\t\t\t<h1 class=\"elementor-heading-title elementor-size-large\">\u00dcber uns &amp; unsere Touren<\/h1>\t\t\t\t<\/div>\n\t\t\t\t<\/div>\n\t\t\t\t\t<\/div>\n\t\t<\/div>\n\t\t\t\t\t<\/div>\n\t\t<\/section>\n\t\t\t\t<section class=\"elementor-section elementor-top-section elementor-element elementor-element-fdda566 elementor-section-boxed elementor-section-height-default elementor-section-height-default\" data-id=\"fdda566\" data-element_type=\"section\" data-e-type=\"section\">\n\t\t\t\t\t\t<div class=\"elementor-container elementor-column-gap-default\">\n\t\t\t\t\t<div class=\"elementor-column elementor-col-100 elementor-top-column elementor-element elementor-element-c9222b1\" data-id=\"c9222b1\" data-element_type=\"column\" data-e-type=\"column\">\n\t\t\t<div class=\"elementor-widget-wrap elementor-element-populated\">\n\t\t\t\t\t\t<div class=\"elementor-element elementor-element-66bac72 elementor-widget elementor-widget-image\" data-id=\"66bac72\" data-element_type=\"widget\" data-e-type=\"widget\" data-widget_type=\"image.default\">\n\t\t\t\t<div class=\"elementor-widget-container\">\n\t\t\t\t\t\t\t\t\t\t\t\t\t\t\t<img fetchpriority=\"high\" decoding=\"async\" width=\"1477\" height=\"745\" src=\"https:\/\/www.globusmedulin.com\/wp-content\/uploads\/2022\/06\/Quad-Safari-MEdulin-2.jpg\" class=\"attachment-1536x1536 size-1536x1536 wp-image-4448\" alt=\"Quad &amp; Buggy Safari Medulin\" srcset=\"https:\/\/www.globusmedulin.com\/wp-content\/uploads\/2022\/06\/Quad-Safari-MEdulin-2.jpg 1477w, https:\/\/www.globusmedulin.com\/wp-content\/uploads\/2022\/06\/Quad-Safari-MEdulin-2-300x151.jpg 300w, https:\/\/www.globusmedulin.com\/wp-content\/uploads\/2022\/06\/Quad-Safari-MEdulin-2-1024x517.jpg 1024w, https:\/\/www.globusmedulin.com\/wp-content\/uploads\/2022\/06\/Quad-Safari-MEdulin-2-768x387.jpg 768w, https:\/\/www.globusmedulin.com\/wp-content\/uploads\/2022\/06\/Quad-Safari-MEdulin-2-18x9.jpg 18w, https:\/\/www.globusmedulin.com\/wp-content\/uploads\/2022\/06\/Quad-Safari-MEdulin-2-600x303.jpg 600w\" sizes=\"(max-width: 1477px) 100vw, 1477px\" \/>\t\t\t\t\t\t\t\t\t\t\t\t\t\t\t<\/div>\n\t\t\t\t<\/div>\n\t\t\t\t<div class=\"elementor-element elementor-element-a83d022 elementor-widget elementor-widget-text-editor\" data-id=\"a83d022\" data-element_type=\"widget\" data-e-type=\"widget\" data-widget_type=\"text-editor.default\">\n\t\t\t\t<div class=\"elementor-widget-container\">\n\t\t\t\t\t\t\t\t\t<p>Willkommen bei Globus Quad Safari Medulin, ge\u00f6ffnet seit 1989, mit \u00fcber 30 Jahren Erfahrung. Bei uns sind wir spezialisiert auf die Organisation spannender und unvergesslicher Touren mit <a href=\"https:\/\/www.globusmedulin.com\/de\/quad-safari-medulin-pula\/\">Quads<\/a> Und <a href=\"https:\/\/www.globusmedulin.com\/de\/family-buggy-safari-medulin-pula\/\">Buggy Safari<\/a>und bietet Abenteuerbegeisterten ein adrenalingeladenes Erlebnis.<\/p><p>Dar\u00fcber hinaus bieten wir einen Boots- und Fahrradverleih an, sodass Sie die atemberaubende K\u00fcstenlandschaft und die malerische Umgebung von Medulin in Ihrem eigenen Tempo erkunden k\u00f6nnen.<\/p><p>Unsere erstklassige Lage an der Hauptstra\u00dfe in Medulin, direkt an der K\u00fcste.<\/p><p>Entdecken Sie die verborgenen Sch\u00e4tze und Naturwunder von Medulin, w\u00e4hrend Sie sich auf unsere aufregende Tour begeben <a href=\"https:\/\/www.globusmedulin.com\/de\/quad-safari-medulin-pula\/\">Quad<\/a> Und <a href=\"https:\/\/www.globusmedulin.com\/de\/family-buggy-safari-medulin-pula\/\">Buggy Safari<\/a>. Sp\u00fcren Sie den Nervenkitzel der Off-Road-Erkundung, w\u00e4hrend Sie durch raues Gel\u00e4nde, malerische Pfade und atemberaubende Aussichtspunkte navigieren. Unsere fachkundigen Guides begleiten Sie, teilen ihr fundiertes Wissen \u00fcber die Region mit und sorgen jederzeit f\u00fcr Ihre Sicherheit.<\/p><p>Wenn Sie eine entspanntere Erkundung bevorzugen, sind unsere Boots- und Fahrradverleihe genau das Richtige f\u00fcr Sie. Fahren Sie entlang der faszinierenden K\u00fcste und entdecken Sie einsame Buchten und kristallklares Wasser. Oder radeln Sie durch bezaubernde D\u00f6rfer, \u00fcppige Landschaften und malerische Routen und tauchen Sie ein in die Sch\u00f6nheit der Umgebung von Medulin.<\/p><p>Als renommierter Reiseveranstalter in Medulin legen wir gr\u00f6\u00dften Wert auf die Kundenzufriedenheit und bieten personalisierte Dienstleistungen, die auf Ihre Vorlieben und Anforderungen zugeschnitten sind. Egal, ob Sie ein aufregendes Abenteuer, einen erholsamen Kurzurlaub oder eine Kombination aus beidem suchen, wir haben die perfekte Option f\u00fcr Sie. Vertrauen Sie darauf, dass wir unvergessliche Erlebnisse schaffen, die Ihnen bleibende Erinnerungen an Ihre Zeit in Medulin bescheren.<\/p><p>Buchen Sie Ihr <a href=\"https:\/\/www.globusmedulin.com\/de\/quad-safari-medulin-pula\/\">Quad<\/a> oder <a href=\"https:\/\/www.globusmedulin.com\/de\/family-buggy-safari-medulin-pula\/\">Buggy Safari<\/a>, oder\u00a0<a href=\"https:\/\/www.globusmedulin.com\/de\/rent-a-boat-medulin-pula\/\">Ein Boot mieten <\/a>heute und begeben Sie sich auf eine unvergessliche Reise durch die bezaubernden Landschaften von Medulin<\/p>\t\t\t\t\t\t\t\t<\/div>\n\t\t\t\t<\/div>\n\t\t\t\t\t<\/div>\n\t\t<\/div>\n\t\t\t\t\t<\/div>\n\t\t<\/section>\n\t\t\t\t<\/div>","protected":false},"excerpt":{"rendered":"<p>About us &amp; our Tours Welcome to Globus Quad Safari Medulin, open since 1989, with experience for over 30 years. At our place, we specialize in organizing thrilling and unforgettable tours with Quads and Buggy Safari, providing an adrenaline-pumping experience for adventure enthusiasts. Additionally, we offer boat and bicycle rentals, allowing you to explore the [&hellip;]<\/p>\n","protected":false},"author":1,"featured_media":0,"parent":0,"menu_order":0,"comment_status":"closed","ping_status":"closed","template":"elementor_header_footer","meta":{"site-sidebar-layout":"no-sidebar","site-content-layout":"page-builder","ast-site-content-layout":"full-width-container","site-content-style":"unboxed","site-sidebar-style":"unboxed","ast-global-header-display":"","ast-banner-title-visibility":"","ast-main-header-display":"","ast-hfb-above-header-display":"","ast-hfb-below-header-display":"","ast-hfb-mobile-header-display":"","site-post-title":"disabled","ast-breadcrumbs-content":"","ast-featured-img":"disabled","footer-sml-layout":"","ast-disable-related-posts":"","theme-transparent-header-meta":"","adv-header-id-meta":"","stick-header-meta":"","header-above-stick-meta":"","header-main-stick-meta":"","header-below-stick-meta":"","astra-migrate-meta-layouts":"set","ast-page-background-enabled":"default","ast-page-background-meta":{"desktop":{"background-color":"","background-image":"","background-repeat":"repeat","background-position":"center center","background-size":"auto","background-attachment":"scroll","background-type":"","background-media":"","overlay-type":"","overlay-color":"","overlay-opacity":"","overlay-gradient":""},"tablet":{"background-color":"","background-image":"","background-repeat":"repeat","background-position":"center center","background-size":"auto","background-attachment":"scroll","background-type":"","background-media":"","overlay-type":"","overlay-color":"","overlay-opacity":"","overlay-gradient":""},"mobile":{"background-color":"","background-image":"","background-repeat":"repeat","background-position":"center center","background-size":"auto","background-attachment":"scroll","background-type":"","background-media":"","overlay-type":"","overlay-color":"","overlay-opacity":"","overlay-gradient":""}},"ast-content-background-meta":{"desktop":{"background-color":"var(--ast-global-color-5)","background-image":"","background-repeat":"repeat","background-position":"center center","background-size":"auto","background-attachment":"scroll","background-type":"","background-media":"","overlay-type":"","overlay-color":"","overlay-opacity":"","overlay-gradient":""},"tablet":{"background-color":"var(--ast-global-color-5)","background-image":"","background-repeat":"repeat","background-position":"center center","background-size":"auto","background-attachment":"scroll","background-type":"","background-media":"","overlay-type":"","overlay-color":"","overlay-opacity":"","overlay-gradient":""},"mobile":{"background-color":"var(--ast-global-color-5)","background-image":"","background-repeat":"repeat","background-position":"center center","background-size":"auto","background-attachment":"scroll","background-type":"","background-media":"","overlay-type":"","overlay-color":"","overlay-opacity":"","overlay-gradient":""}},"footnotes":""},"class_list":["post-3974","page","type-page","status-publish","hentry"],"_links":{"self":[{"href":"https:\/\/www.globusmedulin.com\/de\/wp-json\/wp\/v2\/pages\/3974","targetHints":{"allow":["GET"]}}],"collection":[{"href":"https:\/\/www.globusmedulin.com\/de\/wp-json\/wp\/v2\/pages"}],"about":[{"href":"https:\/\/www.globusmedulin.com\/de\/wp-json\/wp\/v2\/types\/page"}],"author":[{"embeddable":true,"href":"https:\/\/www.globusmedulin.com\/de\/wp-json\/wp\/v2\/users\/1"}],"replies":[{"embeddable":true,"href":"https:\/\/www.globusmedulin.com\/de\/wp-json\/wp\/v2\/comments?post=3974"}],"version-history":[{"count":18,"href":"https:\/\/www.globusmedulin.com\/de\/wp-json\/wp\/v2\/pages\/3974\/revisions"}],"predecessor-version":[{"id":7562,"href":"https:\/\/www.globusmedulin.com\/de\/wp-json\/wp\/v2\/pages\/3974\/revisions\/7562"}],"wp:attachment":[{"href":"https:\/\/www.globusmedulin.com\/de\/wp-json\/wp\/v2\/media?parent=3974"}],"curies":[{"name":"wp","href":"https:\/\/api.w.org\/{rel}","templated":true}]}}